{"id":619,"date":"2022-07-08T19:05:30","date_gmt":"2022-07-08T22:05:30","guid":{"rendered":"http:\/\/alkamim.com.br\/site\/?page_id=619"},"modified":"2022-08-22T21:17:56","modified_gmt":"2022-08-23T00:17:56","slug":"blog","status":"publish","type":"page","link":"https:\/\/alkamim.com.br\/site\/blog\/","title":{"rendered":"Blog"},"content":{"rendered":"\t\t<div data-elementor-type=\"wp-page\" data-elementor-id=\"619\" class=\"elementor elementor-619\">\n\t\t\t\t\t\t\t\t\t<section class=\"elementor-section elementor-top-section elementor-element elementor-element-a5431d9 elementor-section-boxed elementor-section-height-default elementor-section-height-default\" data-id=\"a5431d9\" data-element_type=\"section\">\n\t\t\t\t\t\t<div class=\"elementor-container elementor-column-gap-default\">\n\t\t\t\t\t<div class=\"elementor-column elementor-col-100 elementor-top-column elementor-element elementor-element-e19af66\" data-id=\"e19af66\" data-element_type=\"column\">\n\t\t\t<div class=\"elementor-widget-wrap elementor-element-populated\">\n\t\t\t\t\t\t\t\t<div class=\"elementor-element elementor-element-53eea82 elementor-grid-1 elementor-grid-tablet-2 elementor-grid-mobile-1 elementor-posts--thumbnail-top elementor-widget elementor-widget-posts\" data-id=\"53eea82\" data-element_type=\"widget\" data-settings=\"{&quot;classic_columns&quot;:&quot;1&quot;,&quot;classic_columns_tablet&quot;:&quot;2&quot;,&quot;classic_columns_mobile&quot;:&quot;1&quot;,&quot;classic_row_gap&quot;:{&quot;unit&quot;:&quot;px&quot;,&quot;size&quot;:35,&quot;sizes&quot;:[]},&quot;classic_row_gap_tablet&quot;:{&quot;unit&quot;:&quot;px&quot;,&quot;size&quot;:&quot;&quot;,&quot;sizes&quot;:[]},&quot;classic_row_gap_mobile&quot;:{&quot;unit&quot;:&quot;px&quot;,&quot;size&quot;:&quot;&quot;,&quot;sizes&quot;:[]}}\" data-widget_type=\"posts.classic\">\n\t\t\t\t<div class=\"elementor-widget-container\">\n\t\t\t<link rel=\"stylesheet\" href=\"https:\/\/alkamim.com.br\/site\/wp-content\/plugins\/elementor-pro\/assets\/css\/widget-posts.min.css\">\t\t<div class=\"elementor-posts-container elementor-posts elementor-posts--skin-classic elementor-grid\">\n\t\t\t\t<article class=\"elementor-post elementor-grid-item post-512 post type-post status-publish format-standard has-post-thumbnail hentry category-noticias tag-noticias\">\n\t\t\t\t<a class=\"elementor-post__thumbnail__link\" href=\"https:\/\/alkamim.com.br\/site\/conhecendo-o-mais-sus\/\" >\n\t\t\t<div class=\"elementor-post__thumbnail\"><img decoding=\"async\" width=\"1120\" height=\"494\" src=\"https:\/\/alkamim.com.br\/site\/wp-content\/uploads\/2022\/07\/MicrosoftTeams-image-50.png\" class=\"attachment-1536x1536 size-1536x1536\" alt=\"Sus\" \/><\/div>\n\t\t<\/a>\n\t\t\t\t<div class=\"elementor-post__text\">\n\t\t\t\t<h3 class=\"elementor-post__title\">\n\t\t\t<a href=\"https:\/\/alkamim.com.br\/site\/conhecendo-o-mais-sus\/\" >\n\t\t\t\tConhecendo o MAIS SUS\u00a0\t\t\t<\/a>\n\t\t<\/h3>\n\t\t\t\t<div class=\"elementor-post__meta-data\">\n\t\t\t\t\t<span class=\"elementor-post-date\">\n\t\t\t8 de julho de 2022\t\t<\/span>\n\t\t\t\t<\/div>\n\t\t\t\t<div class=\"elementor-post__excerpt\">\n\t\t\t<p>\u00a0 \u00a0 \u00a0O Instituto de Estudos para Pol\u00edticas de Sa\u00fade (IEPS), em parceria com a Umane, lan\u00e7ou neste dia 4 de julho a Agenda Mais SUS: Evid\u00eancias e Caminhos para<\/p>\n\t\t<\/div>\n\t\t\n\t\t<a class=\"elementor-post__read-more\" href=\"https:\/\/alkamim.com.br\/site\/conhecendo-o-mais-sus\/\" >\n\t\t\tLeia mais \u00bb\t\t<\/a>\n\n\t\t\t\t<\/div>\n\t\t\t\t<\/article>\n\t\t\t\t<article class=\"elementor-post elementor-grid-item post-124 post type-post status-publish format-standard has-post-thumbnail hentry category-noticias\">\n\t\t\t\t<a class=\"elementor-post__thumbnail__link\" href=\"https:\/\/alkamim.com.br\/site\/planificasus\/\" >\n\t\t\t<div class=\"elementor-post__thumbnail\"><img decoding=\"async\" width=\"1120\" height=\"494\" src=\"https:\/\/alkamim.com.br\/site\/wp-content\/uploads\/2022\/07\/MicrosoftTeams-image-45-1.jpg\" class=\"attachment-1536x1536 size-1536x1536\" alt=\"PlanificaSus\" \/><\/div>\n\t\t<\/a>\n\t\t\t\t<div class=\"elementor-post__text\">\n\t\t\t\t<h3 class=\"elementor-post__title\">\n\t\t\t<a href=\"https:\/\/alkamim.com.br\/site\/planificasus\/\" >\n\t\t\t\tConhecendo o PlanificaSUS\t\t\t<\/a>\n\t\t<\/h3>\n\t\t\t\t<div class=\"elementor-post__meta-data\">\n\t\t\t\t\t<span class=\"elementor-post-date\">\n\t\t\t5 de julho de 2022\t\t<\/span>\n\t\t\t\t<\/div>\n\t\t\t\t<div class=\"elementor-post__excerpt\">\n\t\t\t<p>Voc\u00ea precisa conhecer esse recurso do governo do estado do Paran\u00e1. Ederlei Alkamim \u00a0 \u00a0 \u00a0O PlanificaSUS, \u00e9 uma estrat\u00e9gia de educa\u00e7\u00e3o permanente que busca consolidar a operacionaliza\u00e7\u00e3o plena da<\/p>\n\t\t<\/div>\n\t\t\n\t\t<a class=\"elementor-post__read-more\" href=\"https:\/\/alkamim.com.br\/site\/planificasus\/\" >\n\t\t\tLeia mais \u00bb\t\t<\/a>\n\n\t\t\t\t<\/div>\n\t\t\t\t<\/article>\n\t\t\t\t<article class=\"elementor-post elementor-grid-item post-1 post type-post status-publish format-standard has-post-thumbnail hentry category-noticias\">\n\t\t\t\t<a class=\"elementor-post__thumbnail__link\" href=\"https:\/\/alkamim.com.br\/site\/semana-ambiente\/\" >\n\t\t\t<div class=\"elementor-post__thumbnail\"><img decoding=\"async\" width=\"1120\" height=\"494\" src=\"https:\/\/alkamim.com.br\/site\/wp-content\/uploads\/2022\/07\/MicrosoftTeams-image-47.png\" class=\"attachment-1536x1536 size-1536x1536\" alt=\"inga\" \/><\/div>\n\t\t<\/a>\n\t\t\t\t<div class=\"elementor-post__text\">\n\t\t\t\t<h3 class=\"elementor-post__title\">\n\t\t\t<a href=\"https:\/\/alkamim.com.br\/site\/semana-ambiente\/\" >\n\t\t\t\tSemana do Meio Ambiente\t\t\t<\/a>\n\t\t<\/h3>\n\t\t\t\t<div class=\"elementor-post__meta-data\">\n\t\t\t\t\t<span class=\"elementor-post-date\">\n\t\t\t1 de julho de 2022\t\t<\/span>\n\t\t\t\t<\/div>\n\t\t\t\t<div class=\"elementor-post__excerpt\">\n\t\t\t<p>Projeto:&nbsp;\u201cManejo das \u00c1guas Pluviais na \u00e1rea do entorno e dentro do Parque do Ing\u00e1\u201d. Na semana do meio ambiente, foram lan\u00e7adas v\u00e1rias a\u00e7\u00f5es e atividades organizadas pelo Instituto Ambiental de<\/p>\n\t\t<\/div>\n\t\t\n\t\t<a class=\"elementor-post__read-more\" href=\"https:\/\/alkamim.com.br\/site\/semana-ambiente\/\" >\n\t\t\tLeia mais \u00bb\t\t<\/a>\n\n\t\t\t\t<\/div>\n\t\t\t\t<\/article>\n\t\t\t\t<\/div>\n\n\n\t\t\n\t\t\t\t<\/div>\n\t\t\t\t<\/div>\n\t\t\t\t\t<\/div>\n\t\t<\/div>\n\t\t\t\t\t\t\t<\/div>\n\t\t<\/section>\n\t\t\t\t\t\t\t<\/div>\n\t\t","protected":false},"excerpt":{"rendered":"","protected":false},"author":1,"featured_media":0,"parent":0,"menu_order":0,"comment_status":"closed","ping_status":"closed","template":"","meta":{"footnotes":""},"class_list":["post-619","page","type-page","status-publish","hentry"],"yoast_head":"<!-- This site is optimized with the Yoast SEO plugin v19.3 - https:\/\/yoast.com\/wordpress\/plugins\/seo\/ -->\n<title>Blog - Alkamim<\/title>\n<meta name=\"robots\" content=\"index, follow, max-snippet:-1, max-image-preview:large, max-video-preview:-1\" \/>\n<link rel=\"canonical\" href=\"https:\/\/alkamim.com.br\/site\/blog\/\" \/>\n<meta property=\"og:locale\" content=\"pt_BR\" \/>\n<meta property=\"og:type\" content=\"article\" \/>\n<meta property=\"og:title\" content=\"Blog - Alkamim\" \/>\n<meta property=\"og:url\" content=\"https:\/\/alkamim.com.br\/site\/blog\/\" \/>\n<meta property=\"og:site_name\" content=\"Alkamim\" \/>\n<meta property=\"article:modified_time\" content=\"2022-08-23T00:17:56+00:00\" \/>\n<meta name=\"twitter:card\" content=\"summary_large_image\" \/>\n<meta name=\"twitter:label1\" content=\"Est. tempo de leitura\" \/>\n\t<meta name=\"twitter:data1\" content=\"2 minutos\" \/>\n<script type=\"application\/ld+json\" class=\"yoast-schema-graph\">{\"@context\":\"https:\/\/schema.org\",\"@graph\":[{\"@type\":\"Organization\",\"@id\":\"https:\/\/alkamim.com.br\/site\/#organization\",\"name\":\"Alkamim\",\"url\":\"https:\/\/alkamim.com.br\/site\/\",\"sameAs\":[],\"logo\":{\"@type\":\"ImageObject\",\"inLanguage\":\"pt-BR\",\"@id\":\"https:\/\/alkamim.com.br\/site\/#\/schema\/logo\/image\/\",\"url\":\"https:\/\/alkamim.com.br\/site\/wp-content\/uploads\/2022\/08\/cropped-imagem_seo_sobre_mim.jpg\",\"contentUrl\":\"https:\/\/alkamim.com.br\/site\/wp-content\/uploads\/2022\/08\/cropped-imagem_seo_sobre_mim.jpg\",\"width\":1982,\"height\":1692,\"caption\":\"Alkamim\"},\"image\":{\"@id\":\"https:\/\/alkamim.com.br\/site\/#\/schema\/logo\/image\/\"}},{\"@type\":\"WebSite\",\"@id\":\"https:\/\/alkamim.com.br\/site\/#website\",\"url\":\"https:\/\/alkamim.com.br\/site\/\",\"name\":\"Alkamim\",\"description\":\"Candidato a Deputado Estadual do Paran\u00e1\",\"publisher\":{\"@id\":\"https:\/\/alkamim.com.br\/site\/#organization\"},\"potentialAction\":[{\"@type\":\"SearchAction\",\"target\":{\"@type\":\"EntryPoint\",\"urlTemplate\":\"https:\/\/alkamim.com.br\/site\/?s={search_term_string}\"},\"query-input\":\"required name=search_term_string\"}],\"inLanguage\":\"pt-BR\"},{\"@type\":\"WebPage\",\"@id\":\"https:\/\/alkamim.com.br\/site\/blog\/\",\"url\":\"https:\/\/alkamim.com.br\/site\/blog\/\",\"name\":\"Blog - Alkamim\",\"isPartOf\":{\"@id\":\"https:\/\/alkamim.com.br\/site\/#website\"},\"datePublished\":\"2022-07-08T22:05:30+00:00\",\"dateModified\":\"2022-08-23T00:17:56+00:00\",\"breadcrumb\":{\"@id\":\"https:\/\/alkamim.com.br\/site\/blog\/#breadcrumb\"},\"inLanguage\":\"pt-BR\",\"potentialAction\":[{\"@type\":\"ReadAction\",\"target\":[\"https:\/\/alkamim.com.br\/site\/blog\/\"]}]},{\"@type\":\"BreadcrumbList\",\"@id\":\"https:\/\/alkamim.com.br\/site\/blog\/#breadcrumb\",\"itemListElement\":[{\"@type\":\"ListItem\",\"position\":1,\"name\":\"In\u00edcio\",\"item\":\"https:\/\/alkamim.com.br\/site\/\"},{\"@type\":\"ListItem\",\"position\":2,\"name\":\"Blog\"}]}]}<\/script>\n<!-- \/ Yoast SEO plugin. -->","yoast_head_json":{"title":"Blog - Alkamim","robots":{"index":"index","follow":"follow","max-snippet":"max-snippet:-1","max-image-preview":"max-image-preview:large","max-video-preview":"max-video-preview:-1"},"canonical":"https:\/\/alkamim.com.br\/site\/blog\/","og_locale":"pt_BR","og_type":"article","og_title":"Blog - Alkamim","og_url":"https:\/\/alkamim.com.br\/site\/blog\/","og_site_name":"Alkamim","article_modified_time":"2022-08-23T00:17:56+00:00","twitter_card":"summary_large_image","twitter_misc":{"Est. tempo de leitura":"2 minutos"},"schema":{"@context":"https:\/\/schema.org","@graph":[{"@type":"Organization","@id":"https:\/\/alkamim.com.br\/site\/#organization","name":"Alkamim","url":"https:\/\/alkamim.com.br\/site\/","sameAs":[],"logo":{"@type":"ImageObject","inLanguage":"pt-BR","@id":"https:\/\/alkamim.com.br\/site\/#\/schema\/logo\/image\/","url":"https:\/\/alkamim.com.br\/site\/wp-content\/uploads\/2022\/08\/cropped-imagem_seo_sobre_mim.jpg","contentUrl":"https:\/\/alkamim.com.br\/site\/wp-content\/uploads\/2022\/08\/cropped-imagem_seo_sobre_mim.jpg","width":1982,"height":1692,"caption":"Alkamim"},"image":{"@id":"https:\/\/alkamim.com.br\/site\/#\/schema\/logo\/image\/"}},{"@type":"WebSite","@id":"https:\/\/alkamim.com.br\/site\/#website","url":"https:\/\/alkamim.com.br\/site\/","name":"Alkamim","description":"Candidato a Deputado Estadual do Paran\u00e1","publisher":{"@id":"https:\/\/alkamim.com.br\/site\/#organization"},"potentialAction":[{"@type":"SearchAction","target":{"@type":"EntryPoint","urlTemplate":"https:\/\/alkamim.com.br\/site\/?s={search_term_string}"},"query-input":"required name=search_term_string"}],"inLanguage":"pt-BR"},{"@type":"WebPage","@id":"https:\/\/alkamim.com.br\/site\/blog\/","url":"https:\/\/alkamim.com.br\/site\/blog\/","name":"Blog - Alkamim","isPartOf":{"@id":"https:\/\/alkamim.com.br\/site\/#website"},"datePublished":"2022-07-08T22:05:30+00:00","dateModified":"2022-08-23T00:17:56+00:00","breadcrumb":{"@id":"https:\/\/alkamim.com.br\/site\/blog\/#breadcrumb"},"inLanguage":"pt-BR","potentialAction":[{"@type":"ReadAction","target":["https:\/\/alkamim.com.br\/site\/blog\/"]}]},{"@type":"BreadcrumbList","@id":"https:\/\/alkamim.com.br\/site\/blog\/#breadcrumb","itemListElement":[{"@type":"ListItem","position":1,"name":"In\u00edcio","item":"https:\/\/alkamim.com.br\/site\/"},{"@type":"ListItem","position":2,"name":"Blog"}]}]}},"_links":{"self":[{"href":"https:\/\/alkamim.com.br\/site\/wp-json\/wp\/v2\/pages\/619","targetHints":{"allow":["GET"]}}],"collection":[{"href":"https:\/\/alkamim.com.br\/site\/wp-json\/wp\/v2\/pages"}],"about":[{"href":"https:\/\/alkamim.com.br\/site\/wp-json\/wp\/v2\/types\/page"}],"author":[{"embeddable":true,"href":"https:\/\/alkamim.com.br\/site\/wp-json\/wp\/v2\/users\/1"}],"replies":[{"embeddable":true,"href":"https:\/\/alkamim.com.br\/site\/wp-json\/wp\/v2\/comments?post=619"}],"version-history":[{"count":0,"href":"https:\/\/alkamim.com.br\/site\/wp-json\/wp\/v2\/pages\/619\/revisions"}],"wp:attachment":[{"href":"https:\/\/alkamim.com.br\/site\/wp-json\/wp\/v2\/media?parent=619"}],"curies":[{"name":"wp","href":"https:\/\/api.w.org\/{rel}","templated":true}]}}