{"id":939,"date":"2022-08-05T17:36:01","date_gmt":"2022-08-05T20:36:01","guid":{"rendered":"https:\/\/alkamim.com.br\/site\/?page_id=939"},"modified":"2022-08-17T22:24:05","modified_gmt":"2022-08-18T01:24:05","slug":"videos","status":"publish","type":"page","link":"https:\/\/alkamim.com.br\/site\/videos\/","title":{"rendered":"V\u00eddeos"},"content":{"rendered":"\t\t<div data-elementor-type=\"wp-page\" data-elementor-id=\"939\" class=\"elementor elementor-939\">\n\t\t\t\t\t\t\t\t\t<section class=\"elementor-section elementor-top-section elementor-element elementor-element-9abcd42 elementor-section-boxed elementor-section-height-default elementor-section-height-default\" data-id=\"9abcd42\" data-element_type=\"section\">\n\t\t\t\t\t\t<div class=\"elementor-container elementor-column-gap-default\">\n\t\t\t\t\t<div class=\"elementor-column elementor-col-100 elementor-top-column elementor-element elementor-element-b930630\" data-id=\"b930630\" data-element_type=\"column\">\n\t\t\t<div class=\"elementor-widget-wrap elementor-element-populated\">\n\t\t\t\t\t\t\t\t<div class=\"elementor-element elementor-element-5b814b4 elementor-widget elementor-widget-heading\" data-id=\"5b814b4\" data-element_type=\"widget\" data-widget_type=\"heading.default\">\n\t\t\t\t<div class=\"elementor-widget-container\">\n\t\t\t<style>\/*! elementor - v3.6.7 - 03-07-2022 *\/\n.elementor-heading-title{padding:0;margin:0;line-height:1}.elementor-widget-heading .elementor-heading-title[class*=elementor-size-]>a{color:inherit;font-size:inherit;line-height:inherit}.elementor-widget-heading .elementor-heading-title.elementor-size-small{font-size:15px}.elementor-widget-heading .elementor-heading-title.elementor-size-medium{font-size:19px}.elementor-widget-heading .elementor-heading-title.elementor-size-large{font-size:29px}.elementor-widget-heading .elementor-heading-title.elementor-size-xl{font-size:39px}.elementor-widget-heading .elementor-heading-title.elementor-size-xxl{font-size:59px}<\/style><h2 class=\"elementor-heading-title elementor-size-default\">V\u00eddeos<\/h2>\t\t<\/div>\n\t\t\t\t<\/div>\n\t\t\t\t<div class=\"elementor-element elementor-element-3d77022 elementor-grid-3 elementor-grid-tablet-2 elementor-grid-mobile-1 elementor-posts--thumbnail-top elementor-widget elementor-widget-posts\" data-id=\"3d77022\" data-element_type=\"widget\" data-settings=\"{&quot;classic_columns&quot;:&quot;3&quot;,&quot;classic_columns_tablet&quot;:&quot;2&quot;,&quot;classic_columns_mobile&quot;:&quot;1&quot;,&quot;classic_row_gap&quot;:{&quot;unit&quot;:&quot;px&quot;,&quot;size&quot;:35,&quot;sizes&quot;:[]},&quot;classic_row_gap_tablet&quot;:{&quot;unit&quot;:&quot;px&quot;,&quot;size&quot;:&quot;&quot;,&quot;sizes&quot;:[]},&quot;classic_row_gap_mobile&quot;:{&quot;unit&quot;:&quot;px&quot;,&quot;size&quot;:&quot;&quot;,&quot;sizes&quot;:[]}}\" data-widget_type=\"posts.classic\">\n\t\t\t\t<div class=\"elementor-widget-container\">\n\t\t\t<link rel=\"stylesheet\" href=\"https:\/\/alkamim.com.br\/site\/wp-content\/plugins\/elementor-pro\/assets\/css\/widget-posts.min.css\">\t\t<div class=\"elementor-posts-container elementor-posts elementor-posts--skin-classic elementor-grid\">\n\t\t\t\t<article class=\"elementor-post elementor-grid-item post-1566 post type-post status-publish format-standard has-post-thumbnail hentry category-youtube tag-youtube\">\n\t\t\t\t<a class=\"elementor-post__thumbnail__link\" href=\"https:\/\/alkamim.com.br\/site\/como-gerenciar-o-estresse-parte-1\/\" >\n\t\t\t<div class=\"elementor-post__thumbnail\"><img decoding=\"async\" width=\"300\" height=\"225\" src=\"https:\/\/alkamim.com.br\/site\/wp-content\/uploads\/2023\/06\/hqdefault-1-300x225.jpg\" class=\"attachment-medium size-medium\" alt=\"\" \/><\/div>\n\t\t<\/a>\n\t\t\t\t<div class=\"elementor-post__text\">\n\t\t\t\t<h3 class=\"elementor-post__title\">\n\t\t\t<a href=\"https:\/\/alkamim.com.br\/site\/como-gerenciar-o-estresse-parte-1\/\" >\n\t\t\t\tCOMO GERENCIAR O ESTRESSE &#8211; PARTE 1\t\t\t<\/a>\n\t\t<\/h3>\n\t\t\t\t<div class=\"elementor-post__meta-data\">\n\t\t\t\t\t<span class=\"elementor-post-date\">\n\t\t\t7 de junho de 2023\t\t<\/span>\n\t\t\t\t<\/div>\n\t\t\t\t<div class=\"elementor-post__excerpt\">\n\t\t\t\t\t<\/div>\n\t\t\t\t\t<div class=\"elementor-post__read-more-wrapper\">\n\t\t\n\t\t<a class=\"elementor-post__read-more\" href=\"https:\/\/alkamim.com.br\/site\/como-gerenciar-o-estresse-parte-1\/\" >\n\t\t\tLeia mais \u00bb\t\t<\/a>\n\n\t\t\t\t\t<\/div>\n\t\t\t\t<\/div>\n\t\t\t\t<\/article>\n\t\t\t\t<article class=\"elementor-post elementor-grid-item post-1564 post type-post status-publish format-standard has-post-thumbnail hentry category-youtube tag-youtube\">\n\t\t\t\t<a class=\"elementor-post__thumbnail__link\" href=\"https:\/\/alkamim.com.br\/site\/profilaxia-apaixonante\/\" >\n\t\t\t<div class=\"elementor-post__thumbnail\"><img decoding=\"async\" width=\"300\" height=\"225\" src=\"https:\/\/alkamim.com.br\/site\/wp-content\/uploads\/2023\/06\/hqdefault-300x225.jpg\" class=\"attachment-medium size-medium\" alt=\"\" \/><\/div>\n\t\t<\/a>\n\t\t\t\t<div class=\"elementor-post__text\">\n\t\t\t\t<h3 class=\"elementor-post__title\">\n\t\t\t<a href=\"https:\/\/alkamim.com.br\/site\/profilaxia-apaixonante\/\" >\n\t\t\t\tProfilaxia Apaixonante\t\t\t<\/a>\n\t\t<\/h3>\n\t\t\t\t<div class=\"elementor-post__meta-data\">\n\t\t\t\t\t<span class=\"elementor-post-date\">\n\t\t\t31 de maio de 2023\t\t<\/span>\n\t\t\t\t<\/div>\n\t\t\t\t<div class=\"elementor-post__excerpt\">\n\t\t\t\t\t<\/div>\n\t\t\t\t\t<div class=\"elementor-post__read-more-wrapper\">\n\t\t\n\t\t<a class=\"elementor-post__read-more\" href=\"https:\/\/alkamim.com.br\/site\/profilaxia-apaixonante\/\" >\n\t\t\tLeia mais \u00bb\t\t<\/a>\n\n\t\t\t\t\t<\/div>\n\t\t\t\t<\/div>\n\t\t\t\t<\/article>\n\t\t\t\t<article class=\"elementor-post elementor-grid-item post-1562 post type-post status-publish format-standard has-post-thumbnail hentry category-youtube tag-youtube\">\n\t\t\t\t<a class=\"elementor-post__thumbnail__link\" href=\"https:\/\/alkamim.com.br\/site\/endodontia-humanizada\/\" >\n\t\t\t<div class=\"elementor-post__thumbnail\"><img decoding=\"async\" width=\"300\" height=\"225\" src=\"https:\/\/alkamim.com.br\/site\/wp-content\/uploads\/2023\/05\/hqdefault-2-300x225.jpg\" class=\"attachment-medium size-medium\" alt=\"\" \/><\/div>\n\t\t<\/a>\n\t\t\t\t<div class=\"elementor-post__text\">\n\t\t\t\t<h3 class=\"elementor-post__title\">\n\t\t\t<a href=\"https:\/\/alkamim.com.br\/site\/endodontia-humanizada\/\" >\n\t\t\t\tEndodontia humanizada\t\t\t<\/a>\n\t\t<\/h3>\n\t\t\t\t<div class=\"elementor-post__meta-data\">\n\t\t\t\t\t<span class=\"elementor-post-date\">\n\t\t\t24 de maio de 2023\t\t<\/span>\n\t\t\t\t<\/div>\n\t\t\t\t<div class=\"elementor-post__excerpt\">\n\t\t\t\t\t<\/div>\n\t\t\t\t\t<div class=\"elementor-post__read-more-wrapper\">\n\t\t\n\t\t<a class=\"elementor-post__read-more\" href=\"https:\/\/alkamim.com.br\/site\/endodontia-humanizada\/\" >\n\t\t\tLeia mais \u00bb\t\t<\/a>\n\n\t\t\t\t\t<\/div>\n\t\t\t\t<\/div>\n\t\t\t\t<\/article>\n\t\t\t\t<article class=\"elementor-post elementor-grid-item post-1560 post type-post status-publish format-standard has-post-thumbnail hentry category-youtube tag-youtube\">\n\t\t\t\t<a class=\"elementor-post__thumbnail__link\" href=\"https:\/\/alkamim.com.br\/site\/as-consequencias-do-bruxismo-na-qualidade-de-vida-das-pessoas\/\" >\n\t\t\t<div class=\"elementor-post__thumbnail\"><img decoding=\"async\" width=\"300\" height=\"225\" src=\"https:\/\/alkamim.com.br\/site\/wp-content\/uploads\/2023\/05\/hqdefault-1-300x225.jpg\" class=\"attachment-medium size-medium\" alt=\"\" \/><\/div>\n\t\t<\/a>\n\t\t\t\t<div class=\"elementor-post__text\">\n\t\t\t\t<h3 class=\"elementor-post__title\">\n\t\t\t<a href=\"https:\/\/alkamim.com.br\/site\/as-consequencias-do-bruxismo-na-qualidade-de-vida-das-pessoas\/\" >\n\t\t\t\tAs consequ\u00eancias do bruxismo na qualidade de vida das pessoas\t\t\t<\/a>\n\t\t<\/h3>\n\t\t\t\t<div class=\"elementor-post__meta-data\">\n\t\t\t\t\t<span class=\"elementor-post-date\">\n\t\t\t17 de maio de 2023\t\t<\/span>\n\t\t\t\t<\/div>\n\t\t\t\t<div class=\"elementor-post__excerpt\">\n\t\t\t\t\t<\/div>\n\t\t\t\t\t<div class=\"elementor-post__read-more-wrapper\">\n\t\t\n\t\t<a class=\"elementor-post__read-more\" href=\"https:\/\/alkamim.com.br\/site\/as-consequencias-do-bruxismo-na-qualidade-de-vida-das-pessoas\/\" >\n\t\t\tLeia mais \u00bb\t\t<\/a>\n\n\t\t\t\t\t<\/div>\n\t\t\t\t<\/div>\n\t\t\t\t<\/article>\n\t\t\t\t<article class=\"elementor-post elementor-grid-item post-1558 post type-post status-publish format-standard has-post-thumbnail hentry category-youtube tag-youtube\">\n\t\t\t\t<a class=\"elementor-post__thumbnail__link\" href=\"https:\/\/alkamim.com.br\/site\/odontologia-humanizada-o-que-tem-por-tras-desse-tema\/\" >\n\t\t\t<div class=\"elementor-post__thumbnail\"><img decoding=\"async\" width=\"300\" height=\"225\" src=\"https:\/\/alkamim.com.br\/site\/wp-content\/uploads\/2023\/05\/hqdefault-300x225.jpg\" class=\"attachment-medium size-medium\" alt=\"\" \/><\/div>\n\t\t<\/a>\n\t\t\t\t<div class=\"elementor-post__text\">\n\t\t\t\t<h3 class=\"elementor-post__title\">\n\t\t\t<a href=\"https:\/\/alkamim.com.br\/site\/odontologia-humanizada-o-que-tem-por-tras-desse-tema\/\" >\n\t\t\t\tOdontologia Humanizada: o que tem por tr\u00e1s desse tema?\t\t\t<\/a>\n\t\t<\/h3>\n\t\t\t\t<div class=\"elementor-post__meta-data\">\n\t\t\t\t\t<span class=\"elementor-post-date\">\n\t\t\t10 de maio de 2023\t\t<\/span>\n\t\t\t\t<\/div>\n\t\t\t\t<div class=\"elementor-post__excerpt\">\n\t\t\t\t\t<\/div>\n\t\t\t\t\t<div class=\"elementor-post__read-more-wrapper\">\n\t\t\n\t\t<a class=\"elementor-post__read-more\" href=\"https:\/\/alkamim.com.br\/site\/odontologia-humanizada-o-que-tem-por-tras-desse-tema\/\" >\n\t\t\tLeia mais \u00bb\t\t<\/a>\n\n\t\t\t\t\t<\/div>\n\t\t\t\t<\/div>\n\t\t\t\t<\/article>\n\t\t\t\t<article class=\"elementor-post elementor-grid-item post-1556 post type-post status-publish format-standard has-post-thumbnail hentry category-youtube tag-youtube\">\n\t\t\t\t<a class=\"elementor-post__thumbnail__link\" href=\"https:\/\/alkamim.com.br\/site\/voce-foi-enganado-sobre-a-cura-do-bruxismo\/\" >\n\t\t\t<div class=\"elementor-post__thumbnail\"><img decoding=\"async\" width=\"300\" height=\"225\" src=\"https:\/\/alkamim.com.br\/site\/wp-content\/uploads\/2023\/04\/hqdefault-1-300x225.jpg\" class=\"attachment-medium size-medium\" alt=\"\" \/><\/div>\n\t\t<\/a>\n\t\t\t\t<div class=\"elementor-post__text\">\n\t\t\t\t<h3 class=\"elementor-post__title\">\n\t\t\t<a href=\"https:\/\/alkamim.com.br\/site\/voce-foi-enganado-sobre-a-cura-do-bruxismo\/\" >\n\t\t\t\tVOC\u00ca FOI ENGANADO SOBRE A &#8220;CURA&#8221; DO BRUXISMO\t\t\t<\/a>\n\t\t<\/h3>\n\t\t\t\t<div class=\"elementor-post__meta-data\">\n\t\t\t\t\t<span class=\"elementor-post-date\">\n\t\t\t25 de abril de 2023\t\t<\/span>\n\t\t\t\t<\/div>\n\t\t\t\t<div class=\"elementor-post__excerpt\">\n\t\t\t\t\t<\/div>\n\t\t\t\t\t<div class=\"elementor-post__read-more-wrapper\">\n\t\t\n\t\t<a class=\"elementor-post__read-more\" href=\"https:\/\/alkamim.com.br\/site\/voce-foi-enganado-sobre-a-cura-do-bruxismo\/\" >\n\t\t\tLeia mais \u00bb\t\t<\/a>\n\n\t\t\t\t\t<\/div>\n\t\t\t\t<\/div>\n\t\t\t\t<\/article>\n\t\t\t\t<\/div>\n\n\n\t\t\n\t\t\t\t<\/div>\n\t\t\t\t<\/div>\n\t\t\t\t<div class=\"elementor-element elementor-element-4b220e5 elementor-widget elementor-widget-heading\" data-id=\"4b220e5\" data-element_type=\"widget\" data-widget_type=\"heading.default\">\n\t\t\t\t<div class=\"elementor-widget-container\">\n\t\t\t<h2 class=\"elementor-heading-title elementor-size-default\">Me acompanhe tamb\u00e9m atrav\u00e9s do YouTube<\/h2>\t\t<\/div>\n\t\t\t\t<\/div>\n\t\t\t\t<div class=\"elementor-element elementor-element-d44bdd4 elementor-align-center elementor-widget elementor-widget-button\" data-id=\"d44bdd4\" data-element_type=\"widget\" data-widget_type=\"button.default\">\n\t\t\t\t<div class=\"elementor-widget-container\">\n\t\t\t\t\t<div class=\"elementor-button-wrapper\">\n\t\t\t<a href=\"https:\/\/www.youtube.com\/channel\/UCmi3RpIq-yeEsm6Tvz5vbEA\" class=\"elementor-button-link elementor-button elementor-size-md\" role=\"button\">\n\t\t\t\t\t\t<span class=\"elementor-button-content-wrapper\">\n\t\t\t\t\t\t\t<span class=\"elementor-button-icon elementor-align-icon-left\">\n\t\t\t\t<i aria-hidden=\"true\" class=\"fab fa-youtube\"><\/i>\t\t\t<\/span>\n\t\t\t\t\t\t<span class=\"elementor-button-text\">Assista mais v\u00eddeos<\/span>\n\t\t<\/span>\n\t\t\t\t\t<\/a>\n\t\t<\/div>\n\t\t\t\t<\/div>\n\t\t\t\t<\/div>\n\t\t\t\t\t<\/div>\n\t\t<\/div>\n\t\t\t\t\t\t\t<\/div>\n\t\t<\/section>\n\t\t\t\t\t\t\t<\/div>\n\t\t","protected":false},"excerpt":{"rendered":"<p>V\u00eddeos Me acompanhe tamb\u00e9m atrav\u00e9s do YouTube Assista mais v\u00eddeos<\/p>\n","protected":false},"author":1,"featured_media":0,"parent":0,"menu_order":0,"comment_status":"closed","ping_status":"closed","template":"","meta":{"footnotes":""},"class_list":["post-939","page","type-page","status-publish","hentry"],"yoast_head":"<!-- This site is optimized with the Yoast SEO plugin v19.3 - https:\/\/yoast.com\/wordpress\/plugins\/seo\/ -->\n<title>V\u00eddeos - Alkamim<\/title>\n<meta name=\"robots\" content=\"index, follow, max-snippet:-1, max-image-preview:large, max-video-preview:-1\" \/>\n<link rel=\"canonical\" href=\"https:\/\/alkamim.com.br\/site\/videos\/\" \/>\n<meta property=\"og:locale\" content=\"pt_BR\" \/>\n<meta property=\"og:type\" content=\"article\" \/>\n<meta property=\"og:title\" content=\"V\u00eddeos - Alkamim\" \/>\n<meta property=\"og:description\" content=\"V\u00eddeos Me acompanhe tamb\u00e9m atrav\u00e9s do YouTube Assista mais v\u00eddeos\" \/>\n<meta property=\"og:url\" content=\"https:\/\/alkamim.com.br\/site\/videos\/\" \/>\n<meta property=\"og:site_name\" content=\"Alkamim\" \/>\n<meta property=\"article:modified_time\" content=\"2022-08-18T01:24:05+00:00\" \/>\n<meta name=\"twitter:card\" content=\"summary_large_image\" \/>\n<meta name=\"twitter:label1\" content=\"Est. tempo de leitura\" \/>\n\t<meta name=\"twitter:data1\" content=\"2 minutos\" \/>\n<script type=\"application\/ld+json\" class=\"yoast-schema-graph\">{\"@context\":\"https:\/\/schema.org\",\"@graph\":[{\"@type\":\"Organization\",\"@id\":\"https:\/\/alkamim.com.br\/site\/#organization\",\"name\":\"Alkamim\",\"url\":\"https:\/\/alkamim.com.br\/site\/\",\"sameAs\":[],\"logo\":{\"@type\":\"ImageObject\",\"inLanguage\":\"pt-BR\",\"@id\":\"https:\/\/alkamim.com.br\/site\/#\/schema\/logo\/image\/\",\"url\":\"https:\/\/alkamim.com.br\/site\/wp-content\/uploads\/2022\/08\/cropped-imagem_seo_sobre_mim.jpg\",\"contentUrl\":\"https:\/\/alkamim.com.br\/site\/wp-content\/uploads\/2022\/08\/cropped-imagem_seo_sobre_mim.jpg\",\"width\":1982,\"height\":1692,\"caption\":\"Alkamim\"},\"image\":{\"@id\":\"https:\/\/alkamim.com.br\/site\/#\/schema\/logo\/image\/\"}},{\"@type\":\"WebSite\",\"@id\":\"https:\/\/alkamim.com.br\/site\/#website\",\"url\":\"https:\/\/alkamim.com.br\/site\/\",\"name\":\"Alkamim\",\"description\":\"Candidato a Deputado Estadual do Paran\u00e1\",\"publisher\":{\"@id\":\"https:\/\/alkamim.com.br\/site\/#organization\"},\"potentialAction\":[{\"@type\":\"SearchAction\",\"target\":{\"@type\":\"EntryPoint\",\"urlTemplate\":\"https:\/\/alkamim.com.br\/site\/?s={search_term_string}\"},\"query-input\":\"required name=search_term_string\"}],\"inLanguage\":\"pt-BR\"},{\"@type\":\"WebPage\",\"@id\":\"https:\/\/alkamim.com.br\/site\/videos\/\",\"url\":\"https:\/\/alkamim.com.br\/site\/videos\/\",\"name\":\"V\u00eddeos - Alkamim\",\"isPartOf\":{\"@id\":\"https:\/\/alkamim.com.br\/site\/#website\"},\"datePublished\":\"2022-08-05T20:36:01+00:00\",\"dateModified\":\"2022-08-18T01:24:05+00:00\",\"breadcrumb\":{\"@id\":\"https:\/\/alkamim.com.br\/site\/videos\/#breadcrumb\"},\"inLanguage\":\"pt-BR\",\"potentialAction\":[{\"@type\":\"ReadAction\",\"target\":[\"https:\/\/alkamim.com.br\/site\/videos\/\"]}]},{\"@type\":\"BreadcrumbList\",\"@id\":\"https:\/\/alkamim.com.br\/site\/videos\/#breadcrumb\",\"itemListElement\":[{\"@type\":\"ListItem\",\"position\":1,\"name\":\"In\u00edcio\",\"item\":\"https:\/\/alkamim.com.br\/site\/\"},{\"@type\":\"ListItem\",\"position\":2,\"name\":\"V\u00eddeos\"}]}]}<\/script>\n<!-- \/ Yoast SEO plugin. -->","yoast_head_json":{"title":"V\u00eddeos - Alkamim","robots":{"index":"index","follow":"follow","max-snippet":"max-snippet:-1","max-image-preview":"max-image-preview:large","max-video-preview":"max-video-preview:-1"},"canonical":"https:\/\/alkamim.com.br\/site\/videos\/","og_locale":"pt_BR","og_type":"article","og_title":"V\u00eddeos - Alkamim","og_description":"V\u00eddeos Me acompanhe tamb\u00e9m atrav\u00e9s do YouTube Assista mais v\u00eddeos","og_url":"https:\/\/alkamim.com.br\/site\/videos\/","og_site_name":"Alkamim","article_modified_time":"2022-08-18T01:24:05+00:00","twitter_card":"summary_large_image","twitter_misc":{"Est. tempo de leitura":"2 minutos"},"schema":{"@context":"https:\/\/schema.org","@graph":[{"@type":"Organization","@id":"https:\/\/alkamim.com.br\/site\/#organization","name":"Alkamim","url":"https:\/\/alkamim.com.br\/site\/","sameAs":[],"logo":{"@type":"ImageObject","inLanguage":"pt-BR","@id":"https:\/\/alkamim.com.br\/site\/#\/schema\/logo\/image\/","url":"https:\/\/alkamim.com.br\/site\/wp-content\/uploads\/2022\/08\/cropped-imagem_seo_sobre_mim.jpg","contentUrl":"https:\/\/alkamim.com.br\/site\/wp-content\/uploads\/2022\/08\/cropped-imagem_seo_sobre_mim.jpg","width":1982,"height":1692,"caption":"Alkamim"},"image":{"@id":"https:\/\/alkamim.com.br\/site\/#\/schema\/logo\/image\/"}},{"@type":"WebSite","@id":"https:\/\/alkamim.com.br\/site\/#website","url":"https:\/\/alkamim.com.br\/site\/","name":"Alkamim","description":"Candidato a Deputado Estadual do Paran\u00e1","publisher":{"@id":"https:\/\/alkamim.com.br\/site\/#organization"},"potentialAction":[{"@type":"SearchAction","target":{"@type":"EntryPoint","urlTemplate":"https:\/\/alkamim.com.br\/site\/?s={search_term_string}"},"query-input":"required name=search_term_string"}],"inLanguage":"pt-BR"},{"@type":"WebPage","@id":"https:\/\/alkamim.com.br\/site\/videos\/","url":"https:\/\/alkamim.com.br\/site\/videos\/","name":"V\u00eddeos - Alkamim","isPartOf":{"@id":"https:\/\/alkamim.com.br\/site\/#website"},"datePublished":"2022-08-05T20:36:01+00:00","dateModified":"2022-08-18T01:24:05+00:00","breadcrumb":{"@id":"https:\/\/alkamim.com.br\/site\/videos\/#breadcrumb"},"inLanguage":"pt-BR","potentialAction":[{"@type":"ReadAction","target":["https:\/\/alkamim.com.br\/site\/videos\/"]}]},{"@type":"BreadcrumbList","@id":"https:\/\/alkamim.com.br\/site\/videos\/#breadcrumb","itemListElement":[{"@type":"ListItem","position":1,"name":"In\u00edcio","item":"https:\/\/alkamim.com.br\/site\/"},{"@type":"ListItem","position":2,"name":"V\u00eddeos"}]}]}},"_links":{"self":[{"href":"https:\/\/alkamim.com.br\/site\/wp-json\/wp\/v2\/pages\/939","targetHints":{"allow":["GET"]}}],"collection":[{"href":"https:\/\/alkamim.com.br\/site\/wp-json\/wp\/v2\/pages"}],"about":[{"href":"https:\/\/alkamim.com.br\/site\/wp-json\/wp\/v2\/types\/page"}],"author":[{"embeddable":true,"href":"https:\/\/alkamim.com.br\/site\/wp-json\/wp\/v2\/users\/1"}],"replies":[{"embeddable":true,"href":"https:\/\/alkamim.com.br\/site\/wp-json\/wp\/v2\/comments?post=939"}],"version-history":[{"count":0,"href":"https:\/\/alkamim.com.br\/site\/wp-json\/wp\/v2\/pages\/939\/revisions"}],"wp:attachment":[{"href":"https:\/\/alkamim.com.br\/site\/wp-json\/wp\/v2\/media?parent=939"}],"curies":[{"name":"wp","href":"https:\/\/api.w.org\/{rel}","templated":true}]}}